{"id":1571,"date":"2022-07-28T10:42:58","date_gmt":"2022-07-28T10:42:58","guid":{"rendered":"https:\/\/www.grupoionsolar.com\/new\/?page_id=1571"},"modified":"2023-10-18T10:05:10","modified_gmt":"2023-10-18T10:05:10","slug":"politica-de-privacidad","status":"publish","type":"page","link":"https:\/\/www.grupoionsolar.com\/new\/politica-de-privacidad\/","title":{"rendered":"Pol\u00edtica de privacidad"},"content":{"rendered":"<p>[vc_row][vc_column icons_position=\u00bbleft\u00bb][vc_column_text css=\u00bb.vc_custom_1697623506538{margin-top: 50px !important;margin-bottom: 50px !important;}\u00bb]<\/p>\n<h4>INFORMACI\u00d3N B\u00c1SICA SOBRE PROTECCI\u00d3N DE DATOS<\/h4>\n<p><strong>Responsable:<\/strong> GRUPO ION SOLAR (GRUPO ION SOLAR A.E.R. S.L.)<\/p>\n<p><strong>Finalidad<\/strong><\/p>\n<ul>\n<li>Prestaci\u00f3n de servicios<\/li>\n<li>Generar contenido informativo a disposici\u00f3n del usuario para crear canales de informaci\u00f3n<\/li>\n<li>Env\u00edo de informaci\u00f3n solicitada a trav\u00e9s de los formularios dispuestos en la p\u00e1gina web<\/li>\n<li>Comunicaciones comerciales relacionadas con nuestros servicios<\/li>\n<\/ul>\n<p><strong>Legitimaci\u00f3n:<\/strong>\u00a0Consentimiento expreso e inter\u00e9s leg\u00edtimo<\/p>\n<p><strong>Destinatarios:<\/strong>\u00a0No se ceden datos a terceros, salvo obligaci\u00f3n legal<\/p>\n<p><strong>Derechos:<\/strong>\u00a0Acceder, rectificar y suprimir los datos, as\u00ed como otros derechos, como se explica en la informaci\u00f3n adicional<\/p>\n<p><strong>Informaci\u00f3n adicional:<\/strong>\u00a0Puede consultar la informaci\u00f3n adicional y detallada sobre Protecci\u00f3n de Datos en las cl\u00e1usulas anexas que se encuentran en nuestra web<\/p>\n<p>En GRUPO ION SOLAR trabajamos para ofrecerte a trav\u00e9s de nuestros productos y servicios la mejor experiencia posible. En algunos casos, es necesario recabar informaci\u00f3n para conseguirlo. Nos importa tu privacidad y creemos que debemos ser transparentes al respecto.<\/p>\n<p>Por ello, y a efectos de lo previsto en el REGLAMENTO (UE) 2016\/679 DEL PARLAMENTO EUROPEO Y DEL CONSEJO de 27 de abril de 2016 (en adelante, \u201cRGPD\u201d) relativo a la protecci\u00f3n de las personas f\u00edsicas en lo que respecta al tratamiento de datos personales y a la libre circulaci\u00f3n de estos datos, la LE ORG\u00c1NICA 3\/2018, de 5 de diciembre, de Protecci\u00f3n de Datos Personales y de Garant\u00eda de Derechos Digitales (LOPD GDD) y la LEY 34\/2002, de 11 de julio, de Servicios de la Sociedad de la informaci\u00f3n y de comercio electr\u00f3nico (en adelante, \u201cLSSI\u201d), GRUPO ION SOLAR informa al usuario que, como responsable del tratamiento, incorporar\u00e1 los datos de car\u00e1cter personal facilitados por los usuarios en un fichero automatizado.<\/p>\n<p>Nuestro compromiso empieza por explicarte lo siguiente:<\/p>\n<ul>\n<li>Se recogen tus datos para que la experiencia de usuario mejore, atendiendo a tus intereses y necesidades.<\/li>\n<li>Somos transparentes en relaci\u00f3n a los datos que obtenemos acerca de ti y la raz\u00f3n por la que lo hacemos.<\/li>\n<li>Nuestra intenci\u00f3n es ofrecerte la mejor experiencia posible. Por ello, cuando vayamos a usar tu informaci\u00f3n personal lo haremos siempre cumpliendo la normativa, y cuando sea necesario, solicitaremos tu consentimiento.<\/li>\n<li>Entendemos que tus datos te pertenecen. Por tanto, si decides no autorizarnos a procesarlos puedes solicitarnos que dejemos de tratarlos.<\/li>\n<li>Nuestra prioridad consiste en garantizar tu seguridad y tratar tus datos de acuerdo con la normativa europea.<\/li>\n<\/ul>\n<p>Si deseas obtener m\u00e1s informaci\u00f3n sobre el tratamiento de tus datos, consulta los distintos apartados de la pol\u00edtica de privacidad que se encuentran a continuaci\u00f3n:<\/p>\n<h4>\u00bfQUI\u00c9N ES EL RESPONSABLE DEL TRATAMIENTO DE SUS DATOS PERSONALES?<\/h4>\n<p><strong>Identidad:<\/strong>\u00a0GRUPO ION SOLAR<br \/>\n<strong>Domicilio social:<\/strong>\u00a0Travesia De Uribitarte N\u00ba 4 Portal Dcha. 48001 \u2013 (Bilbao) \u2013 Vizcaya<br \/>\n<strong>C.I.F. n\u00ba:<\/strong>\u00a0B95493698<br \/>\n<strong>Email:<\/strong>\u00a0<a title=\"administracion@grupoionsolar.com\" href=\"mailto:administracion@grupoionsolar.com?subject=Contacto%20desde%20https:\/\/empresite.eleconomista.es\" target=\"_blank\" rel=\"nofollow noopener\">administracion@grupoionsolar.com<\/a><\/p>\n<p>GRUPO ION SOLAR ha designado un Delegado de Protecci\u00f3n de Datos o una persona de contacto interna dentro de su organizaci\u00f3n. Si deseas hacer una consulta en relaci\u00f3n al tratamiento de tus datos personales, puedes ponerte en contacto con \u00e9l mediante el correo\u00a0<a title=\"administracion@grupoionsolar.com\" href=\"mailto:administracion@grupoionsolar.com?subject=Contacto%20desde%20https:\/\/empresite.eleconomista.es\" target=\"_blank\" rel=\"nofollow noopener\">administracion@grupoionsolar.com<\/a><\/p>\n<h4>\u00bfQU\u00c9 DATOS RECOPILAMOS?<\/h4>\n<p>Los datos personales que el usuario puede llegar a proporcionar:<\/p>\n<ul>\n<li>Nombre y apellidos, NIF y direcci\u00f3n.<\/li>\n<li>N\u00famero de tel\u00e9fono y direcci\u00f3n de correo electr\u00f3nico.<\/li>\n<li>Informaci\u00f3n relativa a pagos.<\/li>\n<li>Direcci\u00f3n IP, fecha y hora en la que has accedido a nuestros servicios, navegador de internet que uses y datos sobre el sistema operativo del dispositivo.<\/li>\n<li>Cualquier otra informaci\u00f3n o datos que decidas compartir con nosotros.<\/li>\n<\/ul>\n<p>En caso de que no nos facilites tus datos o lo hagas de forma err\u00f3nea o incompleta, no podremos atender tu solicitud, resultando del todo imposible proporcionarte la informaci\u00f3n solicitada o llevar a cabo la contrataci\u00f3n de los servicios.<\/p>\n<h4>\u00bfPOR QU\u00c9 Y PARA QU\u00c9 TRATAMOS TUS DATOS?<\/h4>\n<p>En GRUPO ION SOLAR tratamos la informaci\u00f3n que nos facilitan las personas interesadas con las siguientes finalidades:<\/p>\n<ul>\n<li>Gestionar y contratar alguno de nuestros servicios.<\/li>\n<li>Gestionar el env\u00edo de la informaci\u00f3n que nos soliciten.<\/li>\n<li>Realizar el mantenimiento y gesti\u00f3n de la relaci\u00f3n con el usuario, as\u00ed como la gesti\u00f3n de los servicios ofrecido a trav\u00e9s del sitio web y las labores de informaci\u00f3n.<\/li>\n<li>En algunos casos ser\u00e1 necesario facilitar informaci\u00f3n a las Autoridades o terceras empresas por motivos de auditor\u00eda, as\u00ed como manejar datos personales de facturas, contratos y documentos para responder a reclamaciones de clientes o de las Administraciones P\u00fablicas.<\/li>\n<\/ul>\n<p>Informamos que los datos personales que se obtengan como consecuencia de tu registro como usuario formar\u00e1n parte del Registro de Actividades y operaciones de Tratamiento (RAT), que se actualizar\u00e1 peri\u00f3dicamente de acuerdo con lo establecido en el RGPD.<\/p>\n<h4>\u00bfCU\u00c1L ES LA LEGITIMACI\u00d3N PARA EL TRATAMIENTO DE TUS DATOS?<\/h4>\n<p>El tratamiento de tus datos puede fundamentarse en las siguientes bases legales:<\/p>\n<ul>\n<li>Consentimiento del interesado para la contrataci\u00f3n de servicios, para los formularios de contacto y las solicitudes de informaci\u00f3n.<\/li>\n<li>Cumplimiento de obligaciones legales para prevenci\u00f3n del fraude, comunicaci\u00f3n con Autoridades p\u00fablicas y reclamaciones de terceros.<\/li>\n<\/ul>\n<h4>\u00bfCU\u00c1NTO TIEMPO CONSERVAMOS TUS DATOS?<\/h4>\n<p>El tratamiento de los datos con las finalidades descritas se mantendr\u00e1 durante el tiempo necesario para cumplir con la finalidad de su recogida (por ejemplo, mientras dure la relaci\u00f3n comercial), as\u00ed como para el cumplimiento de las obligaciones legales que se deriven del tratamiento de los datos.<\/p>\n<h4>\u00bfA QU\u00c9 DESTINATARIOS SE COMUNICAN TUS DATOS?<\/h4>\n<p>En algunos casos, solo cuando sea necesario, GRUPO ION SOLAR proporcionar\u00e1 datos de los usuarios a terceros. Sin embargo, nunca se vender\u00e1n los datos a terceros. Los proveedores de servicios externos (por ejemplo, proveedores de pago o empresas de reparto) con los que GRUPO ION SOLAR trabaje pueden usar los datos para proporcionar los servicios correspondientes, sin embargo no usar\u00e1n dicha informaci\u00f3n para fines propios o para cesi\u00f3n a terceros.<\/p>\n<p>GRUPO ION SOLAR procura garantizar la seguridad de los datos personales cuando se env\u00edan fuera de la empresa y se asegura que los terceros proveedores de servicio respetan la confidencialidad y cuentan con las medidas adecuadas para proteger los datos personales. Dichos terceros tienen la obligaci\u00f3n de garantizar que la informaci\u00f3n se trata conforme con la normativa de privacidad de datos.<\/p>\n<p>En algunos casos, la ley puede exigir que se revelen datos personales a organismos p\u00fablicos u otras partes, solo se revelar\u00e1 lo estrictamente necesario para el cumplimiento de dichas obligaciones legales.<\/p>\n<p>Los datos personales obtenidos tambi\u00e9n podr\u00e1n ser compartidos con otras empresas del grupo.<\/p>\n<h4>\u00bfD\u00d3NDE SE ALMACENAN TUS DATOS?<\/h4>\n<p>Con car\u00e1cter general, los datos se almacenan dentro de la UE. Los datos que se env\u00eden a terceros que no pertenezcan a la UE, nos aseguraremos que ofrezcan un nivel de protecci\u00f3n suficiente, ya sea porque cuentan con Normas Corporativas Vinculantes (BCR) o porque se hayan adherido al \u201cPrivacy Shield\u201d.<\/p>\n<h4>\u00bfQU\u00c9 DERECHOS TE ASISTEN Y D\u00d3NDE PUEDES EJERCERLOS?<\/h4>\n<p>Puedes dirigir tus comunicaciones y ejercitar tus derechos mediante una petici\u00f3n en el siguiente correo electr\u00f3nico: <a title=\"administracion@grupoionsolar.com\" href=\"mailto:administracion@grupoionsolar.com?subject=Contacto%20desde%20https:\/\/empresite.eleconomista.es\" target=\"_blank\" rel=\"nofollow noopener\">administracion@grupoionsolar.com<\/a><\/p>\n<p>En virtud de lo que establece el RGPD puedes solicitar:<\/p>\n<ul>\n<li>Derecho de acceso: puedes pedir informaci\u00f3n de aquellos datos personales que dispongamos acerca de ti.<\/li>\n<li>Derecho de rectificaci\u00f3n: puedes comunicar cualquier cambio en tus datos personales.<\/li>\n<li>Derecho de supresi\u00f3n y al olvido: puedes solicitar la eliminaci\u00f3n previo bloqueo de los datos personales.<\/li>\n<li>Derecho de limitaci\u00f3n al tratamiento: supone la restricci\u00f3n del tratamiento de los datos personales.<\/li>\n<li>Derecho de oposici\u00f3n: puedes retirar el consentimiento del tratamiento de los datos, oponi\u00e9ndose a que se sigan tratando.<\/li>\n<li>Derecho a la portabilidad: en algunos casos, puedes pedir una copia de los datos personales en un formato estructurado, de uso com\u00fan y lectura mec\u00e1nica para su transmisi\u00f3n a otro responsable.<\/li>\n<li>Derecho a no ser objeto de decisiones individualizadas: puedes solicitar que no se tomen decisiones que se basen \u00fanicamente en el tratamiento automatizado, incluyendo la elaboraci\u00f3n de perfiles, que produzca efectos jur\u00eddicos o afecte significativamente al interesado.<\/li>\n<\/ul>\n<p>En algunos casos, se podr\u00e1 rechazar la solicitud si solicitas que se eliminen datos necesarios para el cumplimiento de obligaciones legales.<\/p>\n<p>Asimismo, si tienes alguna queja sobre el tratamiento de los datos puedes presentar una reclamaci\u00f3n a la autoridad de protecci\u00f3n de datos.<\/p>\n<h4>\u00bfQUI\u00c9N ES EL RESPONSABLE DE LA EXACTITUD Y VERACIDAD DE LOS DATOS APORTADOS?<\/h4>\n<p>El usuario es el \u00fanico responsable de la veracidad y correcci\u00f3n de los datos incluidos, exonerando a GRUPO ION SOLAR de cualquier responsabilidad al respecto. Los usuarios garantizan y responden, en cualquier caso, de la exactitud, vigencia y autenticidad de los datos personales facilitados, y se comprometen a mantenerlos debidamente actualizados. El usuario acepta proporcionar informaci\u00f3n completa y correcta en el formulario de registro o suscripci\u00f3n. GRUPO ION SOLAR se reserva el derecho de finalizar los servicios contratados que se hubiera celebrado con los usuarios, en caso que los datos que haya facilitado sean falsos, incompletos, inexactos o no est\u00e9n actualizados.<\/p>\n<p>GRUPO ION SOLAR no responde de la veracidad de las informaciones que no sean de elaboraci\u00f3n propia y de las que se indique otra fuente, por lo que tampoco asume responsabilidad alguna en cuanto a hipot\u00e9ticos perjuicios que pudieran originarse por el uso de dicha informaci\u00f3n.<\/p>\n<p>GRUPO ION SOLAR se reserva el derecho a actualizar, modificar o eliminar la informaci\u00f3n contenida en sus p\u00e1ginas web pudiendo incluso limitar o no permitir el acceso a dicha informaci\u00f3n. Se exonera a GRUPO ION SOLAR de responsabilidad ante cualquier da\u00f1o o perjuicio que pudiera sufrir el usuario como consecuencia de errores, defectos u omisiones, en la informaci\u00f3n facilitada por GRUPO ION SOLAR siempre que proceda de fuentes ajenas a la misma.<\/p>\n<p>Asimismo, el usuario certifica que es mayor de 14 a\u00f1os y que posee la capacidad legal necesaria para la prestaci\u00f3n del consentimiento en cuanto al tratamiento de sus datos de car\u00e1cter personal.<\/p>\n<h4>\u00bfC\u00d3MO TRATAMOS LOS DATOS PERSONALES DE LOS MENORES DE EDAD?<\/h4>\n<p>En principio nuestros servicios no van dirigidos espec\u00edficamente a menos de edad. Sin embargo, en el supuesto de que alguno de ellos se dirija a menores de catorce a\u00f1os, de conformidad con el art\u00edculo 8 del RGPD y el art\u00edculo 7 de la LO 3\/2018, de 5 de diciembre (LOPDGDD), GRUPO ION SOLAR exigir\u00e1 el consentimiento v\u00e1lido, libre, inequ\u00edvoco, espec\u00edfico e informado de sus tutores legales para tratar los datos personales de los menores. En este caso, se exigir\u00e1 el DNI u otra forma de identificaci\u00f3n de quien preste el consentimiento.<\/p>\n<p>En el caso de mayores de catorce a\u00f1os podr\u00e1 procederse al tratamiento de los datos con el consentimiento del usuario, exceptuando aquellos casos en los que la Ley exija la asistencia de los titulares de la patria potestad o tutela.<\/p>\n<h4>\u00bfQU\u00c9 MEDIDAS DE SEGURIDAD APLICAMOS PARA PROTEGER TUS DATOS PERSONALES?<\/h4>\n<p>GRUPO ION SOLAR ha adoptado los niveles de seguridad de protecci\u00f3n de los Datos Personales legalmente requeridos, y procura instalar aquellos otros medios y medidas t\u00e9cnicas adicionales a su alcance para evitar la p\u00e9rdida, mal uso, alteraci\u00f3n, acceso no autorizado y robo de los Datos Personales facilitados a GRUPO ION SOLAR.<\/p>\n<p>GRUPO ION SOLAR no es responsable de hipot\u00e9ticos da\u00f1os o perjuicios que se pudieran derivar de interferencias, omisiones, interrupciones, virus inform\u00e1ticos, aver\u00edas telef\u00f3nicas o desconexiones en el funcionamiento operativo de este sistema electr\u00f3nico, motivadas por causas ajenas a GRUPO ION SOLAR; de retrasos o bloqueos en el uso del presente sistema electr\u00f3nico causados por deficiencias o sobrecargas de l\u00edneas telef\u00f3nicas o sobrecargas en el Centro de Procesos de Datos, en el sistema de Internet o en otros sistemas electr\u00f3nicos, as\u00ed como de da\u00f1os que puedan ser causados por terceras personas mediante intromisiones ileg\u00edtimas fuera del control de GRUPO ION SOLAR. Ello no obstante, el usuario debe ser consciente de que las medidas de seguridad en Internet no son inexpugnables.<\/p>\n<h4>ENLACES A OTROS SITIOS WEB<\/h4>\n<p>En el sitio web https:\/\/www.grupoionsolar.com\/ puede haber enlaces a otras p\u00e1ginas web. Al clicar en uno de estos enlaces y acceder a un sitio web externo, la visita estar\u00e1 sujeta a la pol\u00edtica de privacidad de dicho sitio web, quedando GRUPO ION SOLAR desvinculada de cualquier tipo de responsabilidad acerca de su pol\u00edtica de privacidad.<\/p>\n<h4>\u00bfC\u00d3MO UTILIZAMOS LAS COOKIES?<\/h4>\n<p>El sitio web y las RRSS de GRUPO ION SOLAR utilizan cookies, a los efectos de optimizar y personalizar su navegaci\u00f3n por el mismo. Las cookies son ficheros f\u00edsicos de informaci\u00f3n que se alojan en el propio terminal del usuario, la informaci\u00f3n recogida mediante las cookies sirve para facilitar la navegaci\u00f3n del usuario por el portal y optimizar la experiencia de navegaci\u00f3n. Los datos recopilados mediante las cookies pueden ser compartidos con los creadores de las mismas, pero en ning\u00fan caso la informaci\u00f3n obtenida por las mismas ser\u00e1 asociada a datos personales ni a datos que puedan identificar al usuario.<\/p>\n<p>Sin embargo, si el usuario no desea que se instalen cookies en su disco duro, tiene la posibilidad de configurar el navegador de tal modo que impida la instalaci\u00f3n de estos archivos. Para obtener m\u00e1s informaci\u00f3n consulte nuestra Pol\u00edtica de Cookies https:\/\/www.grupoionsolar.com\/politica-de-cookies\/.<\/p>\n<h4>\u00bfPUEDE MODIFICARSE LA POL\u00cdTICA DE PRIVACIDAD?<\/h4>\n<p>Esta pol\u00edtica de privacidad puede modificarse. Te recomendamos que revises la pol\u00edtica de privacidad con cierta periodicidad.[\/vc_column_text][\/vc_column][\/vc_row]<\/p>\n","protected":false},"excerpt":{"rendered":"<p>[vc_row][vc_column icons_position=\u00bbleft\u00bb][vc_column_text css=\u00bb.vc_custom_1697623506538{margin-top: 50px !important;margin-bottom: 50px !important;}\u00bb] INFORMACI\u00d3N B\u00c1SICA SOBRE PROTECCI\u00d3N DE DATOS Responsable: GRUPO ION SOLAR (GRUPO ION SOLAR A.E.R. S.L.) Finalidad Prestaci\u00f3n de servicios Generar contenido informativo a&hellip;<\/p>\n","protected":false},"author":1,"featured_media":0,"parent":0,"menu_order":200,"comment_status":"closed","ping_status":"closed","template":"","meta":[],"_links":{"self":[{"href":"https:\/\/www.grupoionsolar.com\/new\/wp-json\/wp\/v2\/pages\/1571"}],"collection":[{"href":"https:\/\/www.grupoionsolar.com\/new\/wp-json\/wp\/v2\/pages"}],"about":[{"href":"https:\/\/www.grupoionsolar.com\/new\/wp-json\/wp\/v2\/types\/page"}],"author":[{"embeddable":true,"href":"https:\/\/www.grupoionsolar.com\/new\/wp-json\/wp\/v2\/users\/1"}],"replies":[{"embeddable":true,"href":"https:\/\/www.grupoionsolar.com\/new\/wp-json\/wp\/v2\/comments?post=1571"}],"version-history":[{"count":3,"href":"https:\/\/www.grupoionsolar.com\/new\/wp-json\/wp\/v2\/pages\/1571\/revisions"}],"predecessor-version":[{"id":1659,"href":"https:\/\/www.grupoionsolar.com\/new\/wp-json\/wp\/v2\/pages\/1571\/revisions\/1659"}],"wp:attachment":[{"href":"https:\/\/www.grupoionsolar.com\/new\/wp-json\/wp\/v2\/media?parent=1571"}],"curies":[{"name":"wp","href":"https:\/\/api.w.org\/{rel}","templated":true}]}}