{"id":1461,"date":"2022-07-28T08:30:46","date_gmt":"2022-07-28T08:30:46","guid":{"rendered":"https:\/\/www.grupoionsolar.com\/new\/?page_id=1461"},"modified":"2022-07-28T08:38:51","modified_gmt":"2022-07-28T08:38:51","slug":"preguntas-frecuentes","status":"publish","type":"page","link":"https:\/\/www.grupoionsolar.com\/new\/preguntas-frecuentes\/","title":{"rendered":"Preguntas frecuentes"},"content":{"rendered":"<p>[vc_row full_width=\u00bbstretch_row_content\u00bb equal_height=\u00bbyes\u00bb content_placement=\u00bbmiddle\u00bb css_animation=\u00bbslideInUp\u00bb css=\u00bb.vc_custom_1658996519963{margin-bottom: 50px !important;}\u00bb][vc_column hide_bg_image_on_tablet=\u00bb\u00bb hide_bg_image_on_mobile=\u00bb\u00bb icons_position=\u00bbleft\u00bb css=\u00bb.vc_custom_1658997376267{margin-right: 15px !important;margin-left: 15px !important;padding-right: 0px !important;padding-left: 0px !important;background-image: url(https:\/\/www.grupoionsolar.com\/new\/wp-content\/uploads\/2022\/07\/mantenimiento.jpg?id=1464) !important;background-position: center !important;background-repeat: no-repeat !important;background-size: cover !important;}\u00bb offset=\u00bbvc_col-lg-6&#8243;][\/vc_column][vc_column hide_bg_image_on_tablet=\u00bb\u00bb hide_bg_image_on_mobile=\u00bb\u00bb icons_position=\u00bbleft\u00bb css=\u00bb.vc_custom_1518000705937{margin-right: 15px !important;margin-left: 15px !important;background-color: #f5f4ef !important;}\u00bb offset=\u00bbvc_col-lg-6&#8243;][vc_empty_space height=\u00bb3.85rem\u00bb alter_height=\u00bbnone\u00bb hide_on_desktop=\u00bb\u00bb hide_on_notebook=\u00bb\u00bb hide_on_tablet=\u00bb\u00bb hide_on_mobile=\u00bb1&#8243;][vc_empty_space height=\u00bb4rem\u00bb alter_height=\u00bbnone\u00bb hide_on_desktop=\u00bb\u00bb hide_on_notebook=\u00bb\u00bb hide_on_tablet=\u00bb\u00bb hide_on_mobile=\u00bb\u00bb][vc_row_inner][vc_column_inner width=\u00bb2\/3&#8243; icons_position=\u00bbleft\u00bb offset=\u00bbvc_col-sm-offset-2&#8243;][vc_empty_space height=\u00bb2rem\u00bb alter_height=\u00bbnone\u00bb hide_on_desktop=\u00bb\u00bb hide_on_notebook=\u00bb\u00bb hide_on_tablet=\u00bb\u00bb hide_on_mobile=\u00bb\u00bb][vc_column_text]<\/p>\n<h3>\u00bfQu\u00e9 pasa si no se realizan labores de mantenimiento en la instalaci\u00f3n?<\/h3>\n<p>No operar y mantener la instalaci\u00f3n o hacerlo de manera inadecuada puede provocar:<\/p>\n<ul>\n<li>no alcanzar el umbral de funcionamiento anual, lo que supone <strong>RIESGO DE SALIR DEL SISTEMA Y NO OBTENER RETRIBUCI\u00d3N A LA INVERSI\u00d3N NI RETRIBUCI\u00d3N A LA OPERACI\u00d3N<\/strong><\/li>\n<li>estar entre el umbral anual de funcionamiento y el umbral m\u00ednimo de funcionamiento.\u00a0<strong>RIESGO DE FUERTES PENALIZACIONES QUE AFECTAR\u00cdAN A LA RETRIBUCI\u00d3N DE LA INVERSI\u00d3N Y A LA RETRIBUCI\u00d3N A LA OPERACI\u00d3N<\/strong><\/li>\n<li>bajas producciones, con lo cual los ingresos anuales no se optimizan<\/li>\n<\/ul>\n<p>Un mantenimiento adecuado\u00a0<strong>maximiza los ingresos<\/strong>\u00a0y obtiene rentabilidades m\u00e1s altas.\u00a0<strong>POR LO TANTO O&amp;M NECESARIO<\/strong>[\/vc_column_text][\/vc_column_inner][\/vc_row_inner][vc_empty_space height=\u00bb2.35rem\u00bb alter_height=\u00bbnone\u00bb hide_on_desktop=\u00bb\u00bb hide_on_notebook=\u00bb\u00bb hide_on_tablet=\u00bb\u00bb hide_on_mobile=\u00bb\u00bb][vc_empty_space height=\u00bb2rem\u00bb alter_height=\u00bbnone\u00bb hide_on_desktop=\u00bb\u00bb hide_on_notebook=\u00bb\u00bb hide_on_tablet=\u00bb\u00bb hide_on_mobile=\u00bb\u00bb][vc_empty_space height=\u00bb2.5rem\u00bb alter_height=\u00bbnone\u00bb hide_on_desktop=\u00bb\u00bb hide_on_notebook=\u00bb\u00bb hide_on_tablet=\u00bb\u00bb hide_on_mobile=\u00bb\u00bb][\/vc_column][\/vc_row][vc_row full_width=\u00bbstretch_row_content\u00bb equal_height=\u00bbyes\u00bb content_placement=\u00bbmiddle\u00bb css_animation=\u00bbslideInUp\u00bb css=\u00bb.vc_custom_1658997530317{margin-bottom: 0px !important;}\u00bb][vc_column hide_bg_image_on_tablet=\u00bb\u00bb hide_bg_image_on_mobile=\u00bb\u00bb icons_position=\u00bbleft\u00bb css=\u00bb.vc_custom_1518000705937{margin-right: 15px !important;margin-left: 15px !important;background-color: #f5f4ef !important;}\u00bb offset=\u00bbvc_col-lg-6&#8243;][vc_empty_space height=\u00bb3.85rem\u00bb alter_height=\u00bbnone\u00bb hide_on_desktop=\u00bb\u00bb hide_on_notebook=\u00bb\u00bb hide_on_tablet=\u00bb\u00bb hide_on_mobile=\u00bb1&#8243;][vc_empty_space height=\u00bb4rem\u00bb alter_height=\u00bbnone\u00bb hide_on_desktop=\u00bb\u00bb hide_on_notebook=\u00bb\u00bb hide_on_tablet=\u00bb\u00bb hide_on_mobile=\u00bb\u00bb][vc_row_inner][vc_column_inner width=\u00bb2\/3&#8243; icons_position=\u00bbleft\u00bb offset=\u00bbvc_col-sm-offset-2&#8243;][vc_empty_space height=\u00bb2rem\u00bb alter_height=\u00bbnone\u00bb hide_on_desktop=\u00bb\u00bb hide_on_notebook=\u00bb\u00bb hide_on_tablet=\u00bb\u00bb hide_on_mobile=\u00bb\u00bb][vc_column_text]<\/p>\n<h3>\u00bfQu\u00e9 debo tener en cuenta a la hora de elegir mi nuevo proveedor?<\/h3>\n<p>Hay muchos aspectos que determinan la decisi\u00f3n de depositar tu confianza en una empresa pero\u00a0<strong>podemos destacar<\/strong>:<\/p>\n<ul>\n<li><strong>Trayectoria<\/strong>\u00a0de la empresa<\/li>\n<li><strong>Solvencia<\/strong>\u00a0financiera<\/li>\n<li><strong>Cualificaci\u00f3n<\/strong>\u00a0del personal<\/li>\n<li><strong>Experiencia<\/strong>\u00a0espec\u00edfica en el sector y en sus tecnolog\u00edas<\/li>\n<li><strong>Colaboraciones<\/strong>\u00a0de reputados<\/li>\n<\/ul>\n<p>[\/vc_column_text][\/vc_column_inner][\/vc_row_inner][vc_empty_space height=\u00bb2.35rem\u00bb alter_height=\u00bbnone\u00bb hide_on_desktop=\u00bb\u00bb hide_on_notebook=\u00bb\u00bb hide_on_tablet=\u00bb\u00bb hide_on_mobile=\u00bb\u00bb][vc_empty_space height=\u00bb2rem\u00bb alter_height=\u00bbnone\u00bb hide_on_desktop=\u00bb\u00bb hide_on_notebook=\u00bb\u00bb hide_on_tablet=\u00bb\u00bb hide_on_mobile=\u00bb\u00bb][vc_empty_space height=\u00bb2.5rem\u00bb alter_height=\u00bbnone\u00bb hide_on_desktop=\u00bb\u00bb hide_on_notebook=\u00bb\u00bb hide_on_tablet=\u00bb\u00bb hide_on_mobile=\u00bb\u00bb][\/vc_column][vc_column hide_bg_image_on_tablet=\u00bb\u00bb hide_bg_image_on_mobile=\u00bb\u00bb icons_position=\u00bbleft\u00bb css=\u00bb.vc_custom_1658997510219{margin-right: 15px !important;margin-left: 15px !important;padding-right: 0px !important;padding-left: 0px !important;background-image: url(https:\/\/www.grupoionsolar.com\/new\/wp-content\/uploads\/2022\/07\/nuevo-proveedor.jpg?id=1468) !important;background-position: bottom right !important;background-repeat: no-repeat !important;background-size: cover !important;}\u00bb offset=\u00bbvc_col-lg-6&#8243;][\/vc_column][\/vc_row]<\/p>\n","protected":false},"excerpt":{"rendered":"<p>[vc_row full_width=\u00bbstretch_row_content\u00bb equal_height=\u00bbyes\u00bb content_placement=\u00bbmiddle\u00bb css_animation=\u00bbslideInUp\u00bb css=\u00bb.vc_custom_1658996519963{margin-bottom: 50px !important;}\u00bb][vc_column hide_bg_image_on_tablet=\u00bb\u00bb hide_bg_image_on_mobile=\u00bb\u00bb icons_position=\u00bbleft\u00bb css=\u00bb.vc_custom_1658997376267{margin-right: 15px !important;margin-left: 15px !important;padding-right: 0px !important;padding-left: 0px !important;background-image: url(https:\/\/www.grupoionsolar.com\/new\/wp-content\/uploads\/2022\/07\/mantenimiento.jpg?id=1464) !important;background-position: center !important;background-repeat: no-repeat !important;background-size: cover !important;}\u00bb offset=\u00bbvc_col-lg-6&#8243;][\/vc_column][vc_column hide_bg_image_on_tablet=\u00bb\u00bb&hellip;<\/p>\n","protected":false},"author":1,"featured_media":0,"parent":0,"menu_order":0,"comment_status":"closed","ping_status":"closed","template":"","meta":[],"_links":{"self":[{"href":"https:\/\/www.grupoionsolar.com\/new\/wp-json\/wp\/v2\/pages\/1461"}],"collection":[{"href":"https:\/\/www.grupoionsolar.com\/new\/wp-json\/wp\/v2\/pages"}],"about":[{"href":"https:\/\/www.grupoionsolar.com\/new\/wp-json\/wp\/v2\/types\/page"}],"author":[{"embeddable":true,"href":"https:\/\/www.grupoionsolar.com\/new\/wp-json\/wp\/v2\/users\/1"}],"replies":[{"embeddable":true,"href":"https:\/\/www.grupoionsolar.com\/new\/wp-json\/wp\/v2\/comments?post=1461"}],"version-history":[{"count":7,"href":"https:\/\/www.grupoionsolar.com\/new\/wp-json\/wp\/v2\/pages\/1461\/revisions"}],"predecessor-version":[{"id":1470,"href":"https:\/\/www.grupoionsolar.com\/new\/wp-json\/wp\/v2\/pages\/1461\/revisions\/1470"}],"wp:attachment":[{"href":"https:\/\/www.grupoionsolar.com\/new\/wp-json\/wp\/v2\/media?parent=1461"}],"curies":[{"name":"wp","href":"https:\/\/api.w.org\/{rel}","templated":true}]}}