{"id":105,"date":"2017-11-14T15:02:27","date_gmt":"2017-11-14T15:02:27","guid":{"rendered":"https:\/\/www.grupoionsolar.com\/new\/?page_id=105"},"modified":"2023-09-04T11:26:00","modified_gmt":"2023-09-04T11:26:00","slug":"contacto","status":"publish","type":"page","link":"https:\/\/www.grupoionsolar.com\/new\/contacto\/","title":{"rendered":"Contacto"},"content":{"rendered":"<p>[vc_row css=\u00bb.vc_custom_1693826757175{padding-top: 40px !important;}\u00bb][vc_column icons_position=\u00bbleft\u00bb][vc_row_inner][vc_column_inner width=\u00bb2\/3&#8243; icons_position=\u00bbleft\u00bb offset=\u00bbvc_col-sm-offset-2&#8243;]<div id=\"sc_title_765971906\"\n\t\tclass=\"sc_title color_style_default sc_title_default\"><h3 class=\"sc_item_title sc_title_title sc_align_center sc_item_title_style_default\">Contacta con nosotros<\/h3><div class=\"sc_item_descr sc_title_descr sc_align_center sc_item_title_style_default\"><p>Grupo Ionsolar, a la vanguardia de las energ\u00edas renovables.<br \/>\nEnerg\u00eda limp\u00eda, energ\u00eda saludable.<\/p>\n<\/div><\/div><!-- \/.sc_title -->[\/vc_column_inner][\/vc_row_inner][vc_empty_space height=\u00bb2.35rem\u00bb alter_height=\u00bbnone\u00bb hide_on_desktop=\u00bb\u00bb hide_on_notebook=\u00bb\u00bb hide_on_tablet=\u00bb\u00bb hide_on_mobile=\u00bb\u00bb][vc_row_inner][vc_column_inner icons_position=\u00bbleft\u00bb]<div id=\"sc_content_664470453\"\n\t\tclass=\"sc_content color_style_default sc_content_default sc_content_width_90p sc_float_center\"><div class=\"sc_content_container\"><div id=\"sc_icons_430006490\" \n\tclass=\"sc_icons sc_icons_default sc_icons_size_medium sc_align_center\"><div class=\"sc_icons_columns_wrap sc_item_columns trx_addons_columns_wrap columns_padding_bottom\"><div class=\"trx_addons_column-1_3\"><div class=\"sc_icons_item\"><div id=\"sc_icons_430006490_icon-icon3\" class=\"sc_icons_icon sc_icon_type_ icon-icon3\"\n\t\t\t\t\t\t\t\t\t\t\t\t><span class=\"sc_icon_type_ icon-icon3\"><\/span><\/div><h4 class=\"sc_icons_item_title\"><span>Ll\u00e1manos<\/span><\/h4><div class=\"sc_icons_item_description\"><span><a href=\"tel:34 687 35 97 46\">687 35 97 46<\/a><\/span><\/div><\/div><\/div><div class=\"trx_addons_column-1_3\"><div class=\"sc_icons_item\"><div id=\"sc_icons_430006490_icon-icon1-2\" class=\"sc_icons_icon sc_icon_type_ icon-icon1-2\"\n\t\t\t\t\t\t\t\t\t\t\t\t><span class=\"sc_icon_type_ icon-icon1-2\"><\/span><\/div><h4 class=\"sc_icons_item_title\"><span>Direcci\u00f3n<\/span><\/h4><div class=\"sc_icons_item_description\"><span>Traves\u00eda de Uribitarte, 4 \u2013 Portal dcha. <\/span><span>48001 BILBAO<\/span><\/div><\/div><\/div><div class=\"trx_addons_column-1_3\"><div class=\"sc_icons_item\"><div id=\"sc_icons_430006490_icon-icon_envelope\" class=\"sc_icons_icon sc_icon_type_ icon-icon_envelope\"\n\t\t\t\t\t\t\t\t\t\t\t\t><span class=\"sc_icon_type_ icon-icon_envelope\"><\/span><\/div><h4 class=\"sc_icons_item_title\"><span>Email<\/span><\/h4><div class=\"sc_icons_item_description\"><span><a href=\"mailto: administracion@grupoionsolar.com\">administracion@grupoionsolar.com<\/a><\/span><\/div><\/div><\/div><\/div><\/div><!-- \/.sc_icons --><\/div><\/div><!-- \/.sc_content -->[\/vc_column_inner][\/vc_row_inner][\/vc_column][\/vc_row][vc_row full_width=\u00bbstretch_row_content_no_spaces\u00bb][vc_column icons_position=\u00bbleft\u00bb][vc_empty_space height=\u00bb2.5rem\u00bb alter_height=\u00bbnone\u00bb hide_on_desktop=\u00bb\u00bb hide_on_notebook=\u00bb\u00bb hide_on_tablet=\u00bb\u00bb hide_on_mobile=\u00bb\u00bb][vc_row_inner][vc_column_inner icons_position=\u00bbleft\u00bb offset=\u00bbvc_hidden-xs\u00bb][vc_empty_space height=\u00bb3rem\u00bb alter_height=\u00bbnone\u00bb hide_on_desktop=\u00bb\u00bb hide_on_notebook=\u00bb\u00bb hide_on_tablet=\u00bb\u00bb hide_on_mobile=\u00bb\u00bb][\/vc_column_inner][\/vc_row_inner]<div id=\"sc_googlemap_1071149572_wrap\" class=\"sc_googlemap_wrap\"><div id=\"sc_googlemap_1071149572\"\n\t\t\tclass=\"sc_googlemap sc_googlemap_default\"\n\t\t\t style=\"width:100%;height:20.105em;\"\t\t\tdata-zoom=\"9\"\n\t\t\tdata-style=\"dark\"\n\t\t\tdata-cluster-icon=\"\"\n        ><iframe\n                    src=\"https:\/\/maps.google.com\/maps?t=m&output=embed&iwloc=near&z=9&q=Traves%C3%ADa+de+Uribitarte%2C+4%2C+Bilbao%2C+Espa%C3%B1a\"\n                    scrolling=\"no\"\n                    marginheight=\"0\"\n                    marginwidth=\"0\"\n                    frameborder=\"0\"\n                    aria-label=\"One\"><\/iframe><\/div><\/div><!-- \/.sc_googlemap_wrap -->[\/vc_column][\/vc_row]<\/p>\n","protected":false},"excerpt":{"rendered":"<p>[vc_row css=\u00bb.vc_custom_1693826757175{padding-top: 40px !important;}\u00bb][vc_column icons_position=\u00bbleft\u00bb][vc_row_inner][vc_column_inner width=\u00bb2\/3&#8243; icons_position=\u00bbleft\u00bb offset=\u00bbvc_col-sm-offset-2&#8243;][\/vc_column_inner][\/vc_row_inner][vc_empty_space height=\u00bb2.35rem\u00bb alter_height=\u00bbnone\u00bb hide_on_desktop=\u00bb\u00bb hide_on_notebook=\u00bb\u00bb hide_on_tablet=\u00bb\u00bb hide_on_mobile=\u00bb\u00bb][vc_row_inner][vc_column_inner icons_position=\u00bbleft\u00bb][\/vc_column_inner][\/vc_row_inner][\/vc_column][\/vc_row][vc_row full_width=\u00bbstretch_row_content_no_spaces\u00bb][vc_column icons_position=\u00bbleft\u00bb][vc_empty_space height=\u00bb2.5rem\u00bb alter_height=\u00bbnone\u00bb hide_on_desktop=\u00bb\u00bb hide_on_notebook=\u00bb\u00bb hide_on_tablet=\u00bb\u00bb hide_on_mobile=\u00bb\u00bb][vc_row_inner][vc_column_inner icons_position=\u00bbleft\u00bb offset=\u00bbvc_hidden-xs\u00bb][vc_empty_space height=\u00bb3rem\u00bb alter_height=\u00bbnone\u00bb hide_on_desktop=\u00bb\u00bb hide_on_notebook=\u00bb\u00bb hide_on_tablet=\u00bb\u00bb&hellip;<\/p>\n","protected":false},"author":1,"featured_media":0,"parent":0,"menu_order":0,"comment_status":"closed","ping_status":"closed","template":"","meta":[],"_links":{"self":[{"href":"https:\/\/www.grupoionsolar.com\/new\/wp-json\/wp\/v2\/pages\/105"}],"collection":[{"href":"https:\/\/www.grupoionsolar.com\/new\/wp-json\/wp\/v2\/pages"}],"about":[{"href":"https:\/\/www.grupoionsolar.com\/new\/wp-json\/wp\/v2\/types\/page"}],"author":[{"embeddable":true,"href":"https:\/\/www.grupoionsolar.com\/new\/wp-json\/wp\/v2\/users\/1"}],"replies":[{"embeddable":true,"href":"https:\/\/www.grupoionsolar.com\/new\/wp-json\/wp\/v2\/comments?post=105"}],"version-history":[{"count":7,"href":"https:\/\/www.grupoionsolar.com\/new\/wp-json\/wp\/v2\/pages\/105\/revisions"}],"predecessor-version":[{"id":1631,"href":"https:\/\/www.grupoionsolar.com\/new\/wp-json\/wp\/v2\/pages\/105\/revisions\/1631"}],"wp:attachment":[{"href":"https:\/\/www.grupoionsolar.com\/new\/wp-json\/wp\/v2\/media?parent=105"}],"curies":[{"name":"wp","href":"https:\/\/api.w.org\/{rel}","templated":true}]}}